{"id":44,"date":"2023-02-22T18:14:55","date_gmt":"2023-02-22T18:14:55","guid":{"rendered":"http:\/\/www.bofferoi.com\/robo\/?page_id=44"},"modified":"2026-03-10T17:47:46","modified_gmt":"2026-03-10T17:47:46","slug":"home","status":"publish","type":"page","link":"https:\/\/www.bofferoi.com\/robo\/","title":{"rendered":"Home"},"content":{"rendered":"\n<div class=\"wp-block-cover aligncenter is-light hestia-clear-top-padding\" style=\"min-height:1417px;aspect-ratio:unset;\"><span aria-hidden=\"true\" class=\"wp-block-cover__background has-white-background-color has-background-dim-100 has-background-dim\"><\/span><div class=\"wp-block-cover__inner-container is-layout-flow wp-block-cover-is-layout-flow\">\n<h2 class=\"wp-block-heading has-text-align-left has-black-color has-text-color\">Treenit<\/h2>\n\n\n\n<p><strong>10-14-vuotiaat: <\/strong>perjantaisin  klo 18:00-19:30 (<strong><a href=\"https:\/\/forms.gle\/fDFAUFiEp7SspFAK9\">ilmoittaudu t\u00e4st\u00e4<\/a><\/strong>)<br><strong>15-vuotta t\u00e4ytt\u00e4neet:<\/strong> keskiviikkoisin klo 19:00-21:00 (ei ilmoittautumista)<\/p>\n\n\n\n<p>Treenipaikka on kev\u00e4\u00e4ll\u00e4 2026 <a href=\"https:\/\/maps.app.goo.gl\/CfkjWGwqAXUPBteq5\" target=\"_blank\" rel=\"noreferrer noopener\">Viirinkankaan koulu<\/a>, osoitteessa V\u00e4in\u00e4m\u00f6isentie 62. Saliin kuljetaan rakennuksen etel\u00e4p\u00e4\u00e4dyn ovesta.<\/p>\n\n\n\n<p>L\u00e4ht\u00f6kohtaisesti treenit pidet\u00e4\u00e4n aina. Mahdollisista poikkeuksista tiedotetaan ennakkoon. Tiedotuskanava on 10-14-vuotiailla s\u00e4hk\u00f6posti ilmoittautuneiden huoltajille, ja 15 vuotta t\u00e4ytt\u00e4neill\u00e4 Whatsapp-ryhm\u00e4, johon sinut voidaan lis\u00e4t\u00e4 treenien aikana.<\/p>\n\n\n\n<p class=\"has-black-color has-text-color has-medium-font-size\">N\u00e4et tiedot treeneist\u00e4mme my\u00f6s<br><a href=\"https:\/\/harrastukset.rovaniemi.fi\/fi-FI\/page\/626a9a8b3a1c8c52f91740d2\" target=\"_blank\" rel=\"noreferrer noopener\"><strong>Rovaniemen Harrastuskalenterista<\/strong><\/a>.<\/p>\n\n\n\n<h2 class=\"wp-block-heading\">Kausimaksu<\/h2>\n\n\n\n<p>Treeneiss\u00e4 voi k\u00e4yd\u00e4 tutustumassa maksutta. Parin kerran j\u00e4lkeen perimme edullisen kausimaksun, jolla kehitet\u00e4\u00e4n yhdistyksemme toimintaa.<\/p>\n\n\n\n<p>Kausimaksun voi maksaa tilisiirtona tilille: FI51 7997 7990 4313 50<br>Maksun viestiin esim. &#8221;kev\u00e4t 2026&#8221;<br>20 \u20ac \/ kausi \/ hl\u00f6<\/p>\n\n\n\n<div style=\"height:44px\" aria-hidden=\"true\" class=\"wp-block-spacer\"><\/div>\n\n\n\n<h2 class=\"wp-block-heading\">Bofferikauppa on auki!<\/h2>\n\n\n\n<p>Nyt voi tilata meilt\u00e4 valmiita boffereita, jotka voit noutaa viikkotreeneist\u00e4. Katso hinnat, toimitusaika ja bofferinomistajan vinkit <a href=\"https:\/\/www.bofferoi.com\/robo\/index.php\/bofferikauppa\/\" data-type=\"page\" data-id=\"221\">Bofferikaupasta<\/a>.<\/p>\n\n\n\n<h2 class=\"wp-block-heading\">English information available! <\/h2>\n\n\n\n<p>We now have an <a href=\"https:\/\/www.bofferoi.com\/robo\/index.php\/boffering-in-rovaniemi\/\" data-type=\"page\" data-id=\"176\"><strong>info page<\/strong><\/a> about boffering and joining our training sessions. Welcome!<\/p>\n\n\n\n<div style=\"height:55px\" aria-hidden=\"true\" class=\"wp-block-spacer\"><\/div>\n\n\n\n<div style=\"height:70px\" aria-hidden=\"true\" class=\"wp-block-spacer\"><\/div>\n\n\n\n<h2 class=\"wp-block-heading has-text-align-left\" id=\"h.p_lcFKNkaUKdPb_l\">Boffauksen harrastaminen Rovaniemell\u00e4<\/h2>\n\n\n\n<p class=\"has-medium-font-size\">Rovaniemen Boffaajat ry on avoin harrastajaryhm\u00e4 ja yhdistys, joka j\u00e4rjest\u00e4\u00e4 kaikille avoimia harjoituksia Rovaniemell\u00e4.<\/p>\n\n\n\n<p class=\"has-medium-font-size\">Boffauksessa ei erotella harrastajia i\u00e4n tai sukupuolen perusteella. Alkuun p\u00e4\u00e4see ilman liikunnallista taustaa, ja boffatessa kunto kasvaa huomaamatta. Osallistumiseen tarvitset vain hikiliikuntaan sopivat vaatteet ja keng\u00e4t. Treeneiss\u00e4 ei tarvitse omia aseita, vaan voit aluksi lainata isosta m\u00e4\u00e4r\u00e4st\u00e4 erilaisia p\u00e4tkyttimi\u00e4.<\/p>\n\n\n\n<div style=\"height:68px\" aria-hidden=\"true\" class=\"wp-block-spacer\"><\/div>\n\n\n\n<h2 class=\"wp-block-heading has-text-align-left has-text-color\" id=\"toiminta\" style=\"color:#3c4858\">Yhdistyksen toimintaa<\/h2>\n\n\n\n<div style=\"height:40px\" aria-hidden=\"true\" class=\"wp-block-spacer\"><\/div>\n\n\n\n<div class=\"wp-block-columns container is-layout-flex wp-container-core-columns-is-layout-1 wp-block-columns-is-layout-flex\">\n<div class=\"wp-block-column is-layout-flow wp-block-column-is-layout-flow\"><div class=\"wp-block-image\">\n<figure class=\"aligncenter size-full\"><img loading=\"lazy\" decoding=\"async\" width=\"828\" height=\"828\" src=\"https:\/\/www.bofferoi.com\/robo\/wp-content\/uploads\/2023\/02\/roboetusivujunnut.jpg\" alt=\"\" class=\"wp-image-136\" srcset=\"https:\/\/www.bofferoi.com\/robo\/wp-content\/uploads\/2023\/02\/roboetusivujunnut.jpg 828w, https:\/\/www.bofferoi.com\/robo\/wp-content\/uploads\/2023\/02\/roboetusivujunnut-300x300.jpg 300w, https:\/\/www.bofferoi.com\/robo\/wp-content\/uploads\/2023\/02\/roboetusivujunnut-150x150.jpg 150w, https:\/\/www.bofferoi.com\/robo\/wp-content\/uploads\/2023\/02\/roboetusivujunnut-768x768.jpg 768w\" sizes=\"auto, (max-width: 828px) 100vw, 828px\" \/><\/figure><\/div>\n\n\n<h3 class=\"wp-block-heading has-text-align-left has-text-color has-medium-font-size\" style=\"color:#3c4858\">Junioritreenit<\/h3>\n\n\n\n<p class=\"has-text-align-left has-black-color has-text-color has-medium-font-size\">J\u00e4rjest\u00e4mme 10-14-vuotiaille boffaustreenit kerran viikossa. Treenej\u00e4 ohjaa kaksi aikuista. Voit tulla tutustumaan ilman omia v\u00e4lineit\u00e4.<\/p>\n<\/div>\n\n\n\n<div class=\"wp-block-column is-layout-flow wp-block-column-is-layout-flow\"><div class=\"wp-block-image\">\n<figure class=\"aligncenter size-full\"><img loading=\"lazy\" decoding=\"async\" width=\"832\" height=\"833\" src=\"https:\/\/www.bofferoi.com\/robo\/wp-content\/uploads\/2023\/02\/roboetusivuisot.jpg\" alt=\"\" class=\"wp-image-138\" srcset=\"https:\/\/www.bofferoi.com\/robo\/wp-content\/uploads\/2023\/02\/roboetusivuisot.jpg 832w, https:\/\/www.bofferoi.com\/robo\/wp-content\/uploads\/2023\/02\/roboetusivuisot-300x300.jpg 300w, https:\/\/www.bofferoi.com\/robo\/wp-content\/uploads\/2023\/02\/roboetusivuisot-150x150.jpg 150w, https:\/\/www.bofferoi.com\/robo\/wp-content\/uploads\/2023\/02\/roboetusivuisot-768x769.jpg 768w\" sizes=\"auto, (max-width: 832px) 100vw, 832px\" \/><\/figure><\/div>\n\n\n<h3 class=\"wp-block-heading has-text-align-left has-text-color has-medium-font-size\" style=\"color:#3c4858\">Isojen treenit<\/h3>\n\n\n\n<p class=\"has-text-align-left has-black-color has-text-color has-medium-font-size\">15 vuotta t\u00e4ytt\u00e4neille j\u00e4rjestet\u00e4\u00e4n t\u00e4ll\u00e4 hetkell\u00e4 kahdet viikottaiset treenit. Tutustuminen on maksutonta.<\/p>\n\n\n\n<div style=\"height:25px\" aria-hidden=\"true\" class=\"wp-block-spacer\"><\/div>\n<\/div>\n\n\n\n<div class=\"wp-block-column is-layout-flow wp-block-column-is-layout-flow\"><div class=\"wp-block-image\">\n<figure class=\"aligncenter size-large\"><img loading=\"lazy\" decoding=\"async\" width=\"1024\" height=\"1024\" src=\"https:\/\/www.bofferoi.com\/robo\/wp-content\/uploads\/2023\/02\/roboetusivukirnu-1024x1024.jpg\" alt=\"\" class=\"wp-image-139\" srcset=\"https:\/\/www.bofferoi.com\/robo\/wp-content\/uploads\/2023\/02\/roboetusivukirnu-1024x1024.jpg 1024w, https:\/\/www.bofferoi.com\/robo\/wp-content\/uploads\/2023\/02\/roboetusivukirnu-300x300.jpg 300w, https:\/\/www.bofferoi.com\/robo\/wp-content\/uploads\/2023\/02\/roboetusivukirnu-150x150.jpg 150w, https:\/\/www.bofferoi.com\/robo\/wp-content\/uploads\/2023\/02\/roboetusivukirnu-768x768.jpg 768w, https:\/\/www.bofferoi.com\/robo\/wp-content\/uploads\/2023\/02\/roboetusivukirnu-1536x1536.jpg 1536w, https:\/\/www.bofferoi.com\/robo\/wp-content\/uploads\/2023\/02\/roboetusivukirnu.jpg 2048w\" sizes=\"auto, (max-width: 1024px) 100vw, 1024px\" \/><\/figure><\/div>\n\n\n<h3 class=\"wp-block-heading has-text-align-left has-text-color has-medium-font-size\" style=\"color:#3c4858\">Hiidenkirnu<\/h3>\n\n\n\n<p class=\"has-text-align-left has-black-color has-text-color has-medium-font-size\"><a href=\"http:\/\/hiidenkirnu.com\" data-type=\"URL\" data-id=\"hiidenkirnu.com\" target=\"_blank\" rel=\"noreferrer noopener\"><strong>Hiidenkirnu<\/strong><\/a> on yhdistyksen oma, ison mittakaavan el\u00e4myksellinen boffaustapahtuma. Seuraava j\u00e4rjestet\u00e4\u00e4n 12.-14.6.2026.<\/p>\n\n\n\n<div style=\"height:25px\" aria-hidden=\"true\" class=\"wp-block-spacer\"><\/div>\n<\/div>\n<\/div>\n<\/div><\/div>\n\n\n\n<div style=\"height:100px\" aria-hidden=\"true\" class=\"wp-block-spacer\"><\/div>\n\n\n\n<h2 class=\"wp-block-heading\">Yhteystiedot<\/h2>\n\n\n\n<p class=\"has-black-color has-text-color has-medium-font-size\">Voit ottaa meihin yhteytt\u00e4 s\u00e4hk\u00f6postitse osoitteeseen <a rel=\"noreferrer noopener\" href=\"mailto:rovaniemenboffaajat@gmail.com\" target=\"_blank\">rovaniemenboffaajat@gmail.com<\/a>, sek\u00e4 alla listattujen sosiaalisen median palveluiden kautta.<\/p>\n\n\n\n<div style=\"height:100px\" aria-hidden=\"true\" class=\"wp-block-spacer\"><\/div>\n\n\n\n<h2 class=\"wp-block-heading\">Sosiaalinen media<\/h2>\n\n\n\n<div class=\"wp-block-group is-nowrap is-layout-flex wp-container-core-group-is-layout-1 wp-block-group-is-layout-flex\">\n<figure class=\"wp-block-image size-large is-resized\"><img loading=\"lazy\" decoding=\"async\" width=\"1024\" height=\"640\" src=\"https:\/\/www.bofferoi.com\/robo\/wp-content\/uploads\/2023\/02\/Facebook-logo-1024x640.png\" alt=\"\" class=\"wp-image-108\" style=\"width:160px;height:100px\" srcset=\"https:\/\/www.bofferoi.com\/robo\/wp-content\/uploads\/2023\/02\/Facebook-logo-1024x640.png 1024w, https:\/\/www.bofferoi.com\/robo\/wp-content\/uploads\/2023\/02\/Facebook-logo-300x188.png 300w, https:\/\/www.bofferoi.com\/robo\/wp-content\/uploads\/2023\/02\/Facebook-logo-768x480.png 768w, https:\/\/www.bofferoi.com\/robo\/wp-content\/uploads\/2023\/02\/Facebook-logo-1536x960.png 1536w, https:\/\/www.bofferoi.com\/robo\/wp-content\/uploads\/2023\/02\/Facebook-logo-2048x1280.png 2048w\" sizes=\"auto, (max-width: 1024px) 100vw, 1024px\" \/><\/figure>\n\n\n\n<figure class=\"wp-block-image size-large is-resized\"><a href=\"https:\/\/www.google.com\/url?q=https%3A%2F%2Fwww.facebook.com%2Fgroups%2F305380672884827&amp;sa=D&amp;sntz=1&amp;usg=AOvVaw1Xoy-0vzUwj4hHBlc7c13a\" target=\"_blank\" rel=\"noreferrer noopener\"><img loading=\"lazy\" decoding=\"async\" width=\"1024\" height=\"1024\" src=\"https:\/\/www.bofferoi.com\/robo\/wp-content\/uploads\/2023\/02\/iglogo-1024x1024.png\" alt=\"\" class=\"wp-image-109\" style=\"width:78px;height:78px\" srcset=\"https:\/\/www.bofferoi.com\/robo\/wp-content\/uploads\/2023\/02\/iglogo-1024x1024.png 1024w, https:\/\/www.bofferoi.com\/robo\/wp-content\/uploads\/2023\/02\/iglogo-300x300.png 300w, https:\/\/www.bofferoi.com\/robo\/wp-content\/uploads\/2023\/02\/iglogo-150x150.png 150w, https:\/\/www.bofferoi.com\/robo\/wp-content\/uploads\/2023\/02\/iglogo-768x767.png 768w, https:\/\/www.bofferoi.com\/robo\/wp-content\/uploads\/2023\/02\/iglogo.png 1200w\" sizes=\"auto, (max-width: 1024px) 100vw, 1024px\" \/><\/a><\/figure>\n\n\n\n<figure class=\"wp-block-image size-large is-resized\"><a href=\"https:\/\/www.youtube.com\/@rovaniemenboffaajat8001\" target=\"_blank\" rel=\"noreferrer noopener\"><img loading=\"lazy\" decoding=\"async\" width=\"1024\" height=\"683\" src=\"https:\/\/www.bofferoi.com\/robo\/wp-content\/uploads\/2023\/02\/ytlogo-1024x683.png\" alt=\"\" class=\"wp-image-110\" style=\"width:139px;height:93px\" srcset=\"https:\/\/www.bofferoi.com\/robo\/wp-content\/uploads\/2023\/02\/ytlogo-1024x683.png 1024w, https:\/\/www.bofferoi.com\/robo\/wp-content\/uploads\/2023\/02\/ytlogo-300x200.png 300w, https:\/\/www.bofferoi.com\/robo\/wp-content\/uploads\/2023\/02\/ytlogo-768x512.png 768w, https:\/\/www.bofferoi.com\/robo\/wp-content\/uploads\/2023\/02\/ytlogo-1536x1024.png 1536w, https:\/\/www.bofferoi.com\/robo\/wp-content\/uploads\/2023\/02\/ytlogo-2048x1365.png 2048w, https:\/\/www.bofferoi.com\/robo\/wp-content\/uploads\/2023\/02\/ytlogo-360x240.png 360w\" sizes=\"auto, (max-width: 1024px) 100vw, 1024px\" \/><\/a><\/figure>\n<\/div>\n\n\n\n<div style=\"height:100px\" aria-hidden=\"true\" class=\"wp-block-spacer\"><\/div>\n","protected":false},"excerpt":{"rendered":"<p>Yhteystiedot Voit ottaa meihin yhteytt\u00e4 s\u00e4hk\u00f6postitse osoitteeseen rovaniemenboffaajat@gmail.com, sek\u00e4 alla listattujen sosiaalisen median palveluiden kautta. Sosiaalinen media<\/p>\n","protected":false},"author":1,"featured_media":0,"parent":0,"menu_order":0,"comment_status":"closed","ping_status":"closed","template":"","meta":{"footnotes":""},"class_list":["post-44","page","type-page","status-publish","hentry"],"_links":{"self":[{"href":"https:\/\/www.bofferoi.com\/robo\/index.php\/wp-json\/wp\/v2\/pages\/44","targetHints":{"allow":["GET"]}}],"collection":[{"href":"https:\/\/www.bofferoi.com\/robo\/index.php\/wp-json\/wp\/v2\/pages"}],"about":[{"href":"https:\/\/www.bofferoi.com\/robo\/index.php\/wp-json\/wp\/v2\/types\/page"}],"author":[{"embeddable":true,"href":"https:\/\/www.bofferoi.com\/robo\/index.php\/wp-json\/wp\/v2\/users\/1"}],"replies":[{"embeddable":true,"href":"https:\/\/www.bofferoi.com\/robo\/index.php\/wp-json\/wp\/v2\/comments?post=44"}],"version-history":[{"count":64,"href":"https:\/\/www.bofferoi.com\/robo\/index.php\/wp-json\/wp\/v2\/pages\/44\/revisions"}],"predecessor-version":[{"id":258,"href":"https:\/\/www.bofferoi.com\/robo\/index.php\/wp-json\/wp\/v2\/pages\/44\/revisions\/258"}],"wp:attachment":[{"href":"https:\/\/www.bofferoi.com\/robo\/index.php\/wp-json\/wp\/v2\/media?parent=44"}],"curies":[{"name":"wp","href":"https:\/\/api.w.org\/{rel}","templated":true}]}}