{"id":221,"date":"2025-03-24T19:16:41","date_gmt":"2025-03-24T19:16:41","guid":{"rendered":"https:\/\/www.bofferoi.com\/robo\/?page_id=221"},"modified":"2025-03-26T09:22:37","modified_gmt":"2025-03-26T09:22:37","slug":"bofferikauppa","status":"publish","type":"page","link":"https:\/\/www.bofferoi.com\/robo\/index.php\/bofferikauppa\/","title":{"rendered":"Bofferikauppa"},"content":{"rendered":"\n<p>Tarvitsetko bofferin? Tilaa se meilt\u00e4 valmiina! Se on helppo tapa p\u00e4\u00e4st\u00e4 alkuun boffauksessa. Toistaiseksi tilaus onnistuu vain s\u00e4hk\u00f6postilla osoitteeseen rovaniemenboffaajat \u00e4t gmail piste com. Toimitusaika v\u00e4lineill\u00e4 on kaksi viikkoa, ja ne toimitetaan l\u00e4ht\u00f6kohtaisesti yhdistyksen viikkotreeneihin.<\/p>\n\n\n\n<h2 class=\"wp-block-heading has-medium-font-size\">Miekka &#8211; 22 \u20ac<\/h2>\n\n\n\n<p>Hyv\u00e4 perusase, jota k\u00e4ytet\u00e4\u00e4n yhdell\u00e4 k\u00e4dell\u00e4. Pituus 80 cm.<\/p>\n\n\n\n<h2 class=\"wp-block-heading has-medium-font-size\">Pitk\u00e4 miekka &#8211; 25 \u20ac<\/h2>\n\n\n\n<p>Perusmiekan kaltainen, mutta isompi. K\u00e4ytet\u00e4\u00e4n yleens\u00e4 kahdella k\u00e4dell\u00e4. Pituus 100 cm.<\/p>\n\n\n\n<h2 class=\"wp-block-heading has-medium-font-size\">Tikari &#8211; 18 \u20ac<\/h2>\n\n\n\n<p>Tikari on hyv\u00e4 kakkosase vy\u00f6lle ripustettuna, varsinkin jousiampujalle tai varsiaseen k\u00e4ytt\u00e4j\u00e4lle, joilla ei yleens\u00e4 ole k\u00e4siss\u00e4 tilaa miekoille. Pituus 50 cm.<\/p>\n\n\n\n<h2 class=\"wp-block-heading has-medium-font-size\">Tappara &#8211; 25 \u20ac<\/h2>\n\n\n\n<p>Kahdella k\u00e4dell\u00e4 k\u00e4ytett\u00e4v\u00e4 varsiase, jolla ylt\u00e4\u00e4 ly\u00f6m\u00e4\u00e4n pidemm\u00e4lle kuin muilla. Tapparalla saa my\u00f6s pist\u00e4\u00e4. Pituus noin 150 cm.<\/p>\n\n\n\n<h2 class=\"wp-block-heading has-medium-font-size\">Heittokeih\u00e4s &#8211; 21 \u20ac<\/h2>\n\n\n\n<p>Nimens\u00e4 mukaisesti heitett\u00e4v\u00e4 keih\u00e4s. Vain k\u00e4rki tuottaa osuman. Heittokeih\u00e4st\u00e4 saa k\u00e4ytt\u00e4\u00e4 my\u00f6s pist\u00e4miseen ja torjumiseen l\u00e4hitaistelussa. Pituus 100 cm.<\/p>\n\n\n\n<h2 class=\"wp-block-heading has-medium-font-size\">Buckler-kilpi &#8211; 25 \u20ac<\/h2>\n\n\n\n<p>Pienin k\u00e4yt\u00f6ss\u00e4 oleva kilpimalli. Tehd\u00e4\u00e4n muoviosista. Pidet\u00e4\u00e4n k\u00e4dess\u00e4 keskell\u00e4 olevasta kahvasta. Halkaisija noin 30 cm.<\/p>\n\n\n\n<h2 class=\"wp-block-heading has-medium-font-size\">Vanerikilpi &#8211; 50-70 \u20ac<\/h2>\n\n\n\n<p>Vanerista ja puukahvasta tehty py\u00f6re\u00e4 &#8221;viikinkimallinen&#8221; kilpi, jonka halkaisija on enint\u00e4\u00e4n 85 cm. Tavallisilla reunoilla hinta t\u00e4ss\u00e4 koossa on 60 \u20ac ja paremmilla, pitk\u00e4ik\u00e4isemmill\u00e4 reunoilla 70 \u20ac. Pienemm\u00e4nkin voit tilata, mutta minimihinta on koosta ja reunoista riippumatta 50 \u20ac.<\/p>\n\n\n\n<h2 class=\"wp-block-heading has-medium-font-size\">Tornikilpi &#8211; 74 \u20ac<\/h2>\n\n\n\n<p>Iso mutta kevyt kilpi. Tehd\u00e4\u00e4n muoviosista. Pidet\u00e4\u00e4n k\u00e4dess\u00e4 keskell\u00e4 olevasta kahvasta. Mitat noin 60 x 100 cm.<\/p>\n\n\n\n<h1 class=\"wp-block-heading\">Bofferinrakennuspajat<\/h1>\n\n\n\n<p>J\u00e4rjest\u00e4mme my\u00f6s rakenteluty\u00f6pajoja, joissa opit itse tekem\u00e4\u00e4n boffereita, ja saat itse tekem\u00e4si aseen mukaan hieman t\u00e4m\u00e4n sivun hintoja halvemmalla. Bofferipajoja j\u00e4rjestet\u00e4\u00e4n 2-4 kertaa vuodessa, ja niihin ilmoittaudutaan ennakkoon. Tiedotamme hyviss\u00e4 ajoin seuraavasta pajasta sivustolla sek\u00e4 sosiaalisessa mediassa.<\/p>\n\n\n\n<h1 class=\"wp-block-heading\">Vinkkej\u00e4 bofferin omistajalle<\/h1>\n\n\n\n<p>Mink\u00e4 v\u00e4lineen ja mill\u00e4 tavalla tahansa hankitkin, se kannattaa merkata omaksi nopeasti esimerkiksi teippaamalla omat nimikirjaimet n\u00e4kyv\u00e4\u00e4n kohtaan, tai esimerkiksi teippaamalla kahvaan selv\u00e4sti tunnistettava v\u00e4ritys.<\/p>\n\n\n\n<p>S\u00e4ilytys kuivassa sis\u00e4tilassa takaa boffereille pitk\u00e4n i\u00e4n. \u00c4l\u00e4 s\u00e4ilyt\u00e4 niit\u00e4 pakkasessa tai vesisateessa! \u00c4l\u00e4 my\u00f6sk\u00e4\u00e4n \u00e4nke\u00e4 boffereita ahtaisiin paikkoihin tai kasaa niiden p\u00e4\u00e4lle painoa niin ett\u00e4 ne litistyv\u00e4t.<\/p>\n\n\n\n<p>Bofferit kuluvat k\u00e4yt\u00f6ss\u00e4, ja saattavat liiasta voimank\u00e4yt\u00f6st\u00e4 my\u00f6s rikkoutua. Liian kulunut tai rikkin\u00e4inen bofferi on vaarallinen, eik\u00e4 sit\u00e4 saa k\u00e4ytt\u00e4\u00e4. Hyvin rakennettu bofferi kest\u00e4\u00e4 kuitenkin k\u00e4yt\u00f6ss\u00e4 vuosikausia, jos siit\u00e4 pit\u00e4\u00e4 hyv\u00e4\u00e4 huolta ja vaihtaa kuluvia osia kuten miekan k\u00e4rki- ja ter\u00e4pehmusteita aina tarvittaessa. Pid\u00e4 saatavilla ainakin ilmastointiteippi\u00e4 mahdollisten kulumien ja rikkoontumisten korjaamiseen. Pehmustemateriaalien eli vaahtomuovin ja solumuovista tehdyn putkieristeen tai retkipatjan varaaminen korjauksia varten kannattaa my\u00f6s.<\/p>\n","protected":false},"excerpt":{"rendered":"<p>Tarvitsetko bofferin? Tilaa se meilt\u00e4 valmiina! Se on helppo tapa p\u00e4\u00e4st\u00e4 alkuun boffauksessa. Toistaiseksi tilaus onnistuu vain s\u00e4hk\u00f6postilla osoitteeseen rovaniemenboffaajat \u00e4t gmail piste com. Toimitusaika v\u00e4lineill\u00e4 on kaksi viikkoa, ja ne toimitetaan l\u00e4ht\u00f6kohtaisesti yhdistyksen viikkotreeneihin. Miekka &#8211; 22 \u20ac Hyv\u00e4 perusase, jota k\u00e4ytet\u00e4\u00e4n yhdell\u00e4 k\u00e4dell\u00e4. Pituus 80 cm. Pitk\u00e4 miekka [&hellip;]<\/p>\n","protected":false},"author":1,"featured_media":0,"parent":0,"menu_order":0,"comment_status":"closed","ping_status":"closed","template":"","meta":{"footnotes":""},"class_list":["post-221","page","type-page","status-publish","hentry"],"_links":{"self":[{"href":"https:\/\/www.bofferoi.com\/robo\/index.php\/wp-json\/wp\/v2\/pages\/221","targetHints":{"allow":["GET"]}}],"collection":[{"href":"https:\/\/www.bofferoi.com\/robo\/index.php\/wp-json\/wp\/v2\/pages"}],"about":[{"href":"https:\/\/www.bofferoi.com\/robo\/index.php\/wp-json\/wp\/v2\/types\/page"}],"author":[{"embeddable":true,"href":"https:\/\/www.bofferoi.com\/robo\/index.php\/wp-json\/wp\/v2\/users\/1"}],"replies":[{"embeddable":true,"href":"https:\/\/www.bofferoi.com\/robo\/index.php\/wp-json\/wp\/v2\/comments?post=221"}],"version-history":[{"count":8,"href":"https:\/\/www.bofferoi.com\/robo\/index.php\/wp-json\/wp\/v2\/pages\/221\/revisions"}],"predecessor-version":[{"id":235,"href":"https:\/\/www.bofferoi.com\/robo\/index.php\/wp-json\/wp\/v2\/pages\/221\/revisions\/235"}],"wp:attachment":[{"href":"https:\/\/www.bofferoi.com\/robo\/index.php\/wp-json\/wp\/v2\/media?parent=221"}],"curies":[{"name":"wp","href":"https:\/\/api.w.org\/{rel}","templated":true}]}}