{"id":124,"date":"2023-02-22T19:26:49","date_gmt":"2023-02-22T19:26:49","guid":{"rendered":"http:\/\/www.bofferoi.com\/robo\/?page_id=124"},"modified":"2023-02-24T17:27:58","modified_gmt":"2023-02-24T17:27:58","slug":"tietosuojaseloste","status":"publish","type":"page","link":"https:\/\/www.bofferoi.com\/robo\/index.php\/tietosuojaseloste\/","title":{"rendered":"Tietosuojaseloste"},"content":{"rendered":"\n<p>P\u00e4ivitetty 22.2.2023.<\/p>\n\n\n\n<h2 class=\"wp-block-heading\" id=\"h.p_8lIHR9H7vdLb_l\"><a href=\"https:\/\/sites.google.com\/view\/rovaniemenboffaajat\/tietosuojaseloste?authuser=0#h.p_8lIHR9H7vdLb\"><\/a><a href=\"https:\/\/sites.google.com\/view\/rovaniemenboffaajat\/tietosuojaseloste?authuser=0#h.p_8lIHR9H7vdLb\"><\/a>Rovaniemen boffaajat ry:n Junioritoiminnan osallistujarekisterin tietosuojaseloste<\/h2>\n\n\n\n<h3 class=\"wp-block-heading\" id=\"h.p_ryOBcQRBvaTn_l\"><a href=\"https:\/\/sites.google.com\/view\/rovaniemenboffaajat\/tietosuojaseloste?authuser=0#h.p_ryOBcQRBvaTn\"><\/a><a href=\"https:\/\/sites.google.com\/view\/rovaniemenboffaajat\/tietosuojaseloste?authuser=0#h.p_ryOBcQRBvaTn\"><\/a>1. Rekisterinpit\u00e4j\u00e4<\/h3>\n\n\n\n<p>Rovaniemen boffaajat ry<\/p>\n\n\n\n<p>Lehtotie 4<\/p>\n\n\n\n<p>96910 Rovaniemi<\/p>\n\n\n\n<p><a href=\"mailto:rovaniemenboffaajat@gmail.com\" target=\"_blank\" rel=\"noreferrer noopener\">rovaniemenboffaajat@gmail.com<\/a><\/p>\n\n\n\n<h3 class=\"wp-block-heading\" id=\"h.p_TzNRWZSxvaTq_l\"><a href=\"https:\/\/sites.google.com\/view\/rovaniemenboffaajat\/tietosuojaseloste?authuser=0#h.p_TzNRWZSxvaTq\"><\/a><a href=\"https:\/\/sites.google.com\/view\/rovaniemenboffaajat\/tietosuojaseloste?authuser=0#h.p_TzNRWZSxvaTq\"><\/a>2. Yhteyshenkil\u00f6 rekisteri\u00e4 koskevissa asioissa<\/h3>\n\n\n\n<p>Heikki Tikkanen, ks.yhteystiedot edell\u00e4.<\/p>\n\n\n\n<h3 class=\"wp-block-heading\" id=\"h.p_Ep-7aQCdvaTs_l\"><a href=\"https:\/\/sites.google.com\/view\/rovaniemenboffaajat\/tietosuojaseloste?authuser=0#h.p_Ep-7aQCdvaTs\"><\/a><a href=\"https:\/\/sites.google.com\/view\/rovaniemenboffaajat\/tietosuojaseloste?authuser=0#h.p_Ep-7aQCdvaTs\"><\/a>3. Rekisterin nimi<\/h3>\n\n\n\n<p>Rovaniemen boffaajat ry:n Junioritoiminnan osallistujarekisteri.<\/p>\n\n\n\n<h3 class=\"wp-block-heading\" id=\"h.p_GW9DHjynvaTt_l\"><a href=\"https:\/\/sites.google.com\/view\/rovaniemenboffaajat\/tietosuojaseloste?authuser=0#h.p_GW9DHjynvaTt\"><\/a><a href=\"https:\/\/sites.google.com\/view\/rovaniemenboffaajat\/tietosuojaseloste?authuser=0#h.p_GW9DHjynvaTt\"><\/a>4. Rekister\u00f6idyt<\/h3>\n\n\n\n<p>Junioritoiminnan osallistujarekisteri sis\u00e4lt\u00e4\u00e4 seuraavat henkil\u00f6ryhm\u00e4t:<\/p>\n\n\n\n<ol class=\"wp-block-list\">\n<li>Treenaajat (s\u00e4\u00e4nn\u00f6llisten treenien osallistujat ja n\u00e4iden huoltajat vuosittain)<\/li>\n\n\n\n<li>Treenien osallistujat (treenikohtainen osallistujalista)<\/li>\n\n\n\n<li>Tapahtumaosallistujat (esim. v\u00e4linety\u00f6pajat tai treenileirit: osallistujat ja n\u00e4iden huoltajat tapahtumakohtaisesti)<\/li>\n<\/ol>\n\n\n\n<h3 class=\"wp-block-heading\" id=\"h.p_oSrTj0nkwDjC_l\"><a href=\"https:\/\/sites.google.com\/view\/rovaniemenboffaajat\/tietosuojaseloste?authuser=0#h.p_oSrTj0nkwDjC\"><\/a><a href=\"https:\/\/sites.google.com\/view\/rovaniemenboffaajat\/tietosuojaseloste?authuser=0#h.p_oSrTj0nkwDjC\"><\/a>5. Rekisterin pit\u00e4misen ja henkil\u00f6tietojen k\u00e4sittelyn perusteet ja k\u00e4ytt\u00f6tarkoitus<\/h3>\n\n\n\n<p>Yhdistyksen oikeus henkil\u00f6tietojen k\u00e4sittelyyn t\u00e4ss\u00e4 rekisteriss\u00e4 perustuu k\u00e4sitelt\u00e4v\u00e4n henkil\u00f6n huoltajan kanssa tehtyyn sopimukseen. Sopimus tulee voimaan, kun huoltaja ilmoittaa henkil\u00f6n junioritoiminnan osallistujaksi yhdistyksen tarjoaman ilmoittautumislomakkeen avulla. Sopimuksen voimassaolo p\u00e4\u00e4ttyy huoltajan ilmoittaessa henkil\u00f6n osallistumisen p\u00e4\u00e4ttymisest\u00e4 s\u00e4hk\u00f6postitse tai puhelimitse.<\/p>\n\n\n\n<p>Rovaniemen boffaajat j\u00e4rjest\u00e4\u00e4 pehmoasetaistelutoimintaa 7-14-vuotiaille s\u00e4\u00e4nn\u00f6llisten harjoitusten ja satunnaisten tapahtumien (esim. v\u00e4linety\u00f6pajojen ja treenileirien) muodossa.<\/p>\n\n\n\n<p>Junioritoiminnan osallistujarekisterin henkil\u00f6tietoja k\u00e4ytet\u00e4\u00e4n toiminnan organisointiin ja sen kulujen hoitamiseen. Rekisteriss\u00e4 olevia yhteystietoja k\u00e4ytet\u00e4\u00e4n yleiseen toiminnasta tiedottamiseen siin\u00e4 olevien henkil\u00f6iden huoltajille yhteisesti, sek\u00e4 tietty\u00e4 henkil\u00f6\u00e4 koskevissa tilanteissa t\u00e4m\u00e4n huoltajan tavoittamiseksi suoralla yhteydenotolla.<\/p>\n\n\n\n<h3 class=\"wp-block-heading\" id=\"h.p_NdMkK1ITvaTy_l\"><a href=\"https:\/\/sites.google.com\/view\/rovaniemenboffaajat\/tietosuojaseloste?authuser=0#h.p_NdMkK1ITvaTy\"><\/a><a href=\"https:\/\/sites.google.com\/view\/rovaniemenboffaajat\/tietosuojaseloste?authuser=0#h.p_NdMkK1ITvaTy\"><\/a>6. K\u00e4sitelt\u00e4v\u00e4t henkil\u00f6tiedot<\/h3>\n\n\n\n<p>Etu- ja sukunimi<\/p>\n\n\n\n<p>Huoltajan etu- ja sukunimi<\/p>\n\n\n\n<p>Huoltajan s\u00e4hk\u00f6postiosoite<\/p>\n\n\n\n<p>Huoltajan puhelinnumero<\/p>\n\n\n\n<h3 class=\"wp-block-heading\" id=\"h.p_kTpDD9QmvaT1_l\"><a href=\"https:\/\/sites.google.com\/view\/rovaniemenboffaajat\/tietosuojaseloste?authuser=0#h.p_kTpDD9QmvaT1\"><\/a><a href=\"https:\/\/sites.google.com\/view\/rovaniemenboffaajat\/tietosuojaseloste?authuser=0#h.p_kTpDD9QmvaT1\"><\/a>7. S\u00e4\u00e4nn\u00f6nmukaiset tietol\u00e4hteet<\/h3>\n\n\n\n<p>Rekister\u00f6it\u00e4v\u00e4n henkil\u00f6n tiedot antaa t\u00e4m\u00e4n huoltaja. Yhdistys ker\u00e4\u00e4 tiedot Google Forms-lomakkeella. S\u00e4\u00e4nn\u00f6llisi\u00e4 harjoituksia varten on oma lomake joka vuodelle. Satunnaisilla tapahtumilla on kullakin oma lomake. Tiedot koostetaan lomakkeiden vastauksista yhten\u00e4iseen rekisteritiedostoon, jonka j\u00e4lkeen vastaukset poistetaan.<\/p>\n\n\n\n<h3 class=\"wp-block-heading\" id=\"h.p_-nex4b3BvaT2_l\"><a href=\"https:\/\/sites.google.com\/view\/rovaniemenboffaajat\/tietosuojaseloste?authuser=0#h.p_-nex4b3BvaT2\"><\/a><a href=\"https:\/\/sites.google.com\/view\/rovaniemenboffaajat\/tietosuojaseloste?authuser=0#h.p_-nex4b3BvaT2\"><\/a>8. Tietojen luovutus ja siirt\u00e4minen<\/h3>\n\n\n\n<p>Rekisteriss\u00e4 olevia tietoja ei luovuteta eteenp\u00e4in.<\/p>\n\n\n\n<h3 class=\"wp-block-heading\" id=\"h.p_2u170TszvaT3_l\"><a href=\"https:\/\/sites.google.com\/view\/rovaniemenboffaajat\/tietosuojaseloste?authuser=0#h.p_2u170TszvaT3\"><\/a><a href=\"https:\/\/sites.google.com\/view\/rovaniemenboffaajat\/tietosuojaseloste?authuser=0#h.p_2u170TszvaT3\"><\/a>9. Tietojen suojaus<\/h3>\n\n\n\n<p>Rekisterin tiedot ovat salasanalla suojatussa dokumentissa Google Drive -palvelussa. Tietoja ei tallenneta t\u00e4m\u00e4n lis\u00e4ksi mihink\u00e4\u00e4n muualle. N\u00e4ihin tietoihin p\u00e4\u00e4sevill\u00e4 yhdistyksen toimijoilla on ohjeistus olla jakamatta ja kopioimatta tietoja, ja pit\u00e4\u00e4 ne luottamuksellisina.<\/p>\n\n\n\n<h3 class=\"wp-block-heading\" id=\"h.p_XUiYRIK9vaT4_l\"><a href=\"https:\/\/sites.google.com\/view\/rovaniemenboffaajat\/tietosuojaseloste?authuser=0#h.p_XUiYRIK9vaT4\"><\/a><a href=\"https:\/\/sites.google.com\/view\/rovaniemenboffaajat\/tietosuojaseloste?authuser=0#h.p_XUiYRIK9vaT4\"><\/a>10. Tietojen k\u00e4sittelyn kesto<\/h3>\n\n\n\n<p>Rekisterin tiedot s\u00e4ilytet\u00e4\u00e4n toistaiseksi, tai kunnes huoltaja pyyt\u00e4\u00e4 niiden poistamista.<\/p>\n\n\n\n<h3 class=\"wp-block-heading\" id=\"h.p_AHsGv5WXvaT6_l\"><a href=\"https:\/\/sites.google.com\/view\/rovaniemenboffaajat\/tietosuojaseloste?authuser=0#h.p_AHsGv5WXvaT6\"><\/a><a href=\"https:\/\/sites.google.com\/view\/rovaniemenboffaajat\/tietosuojaseloste?authuser=0#h.p_AHsGv5WXvaT6\"><\/a>11. Tietojen k\u00e4sittelij\u00e4t<\/h3>\n\n\n\n<p>Rekisterinpit\u00e4j\u00e4n lis\u00e4ksi tietoja k\u00e4sittelee niit\u00e4 s\u00e4ilytt\u00e4v\u00e4n\u00e4 palveluntarjoajana Google.<\/p>\n\n\n\n<h3 class=\"wp-block-heading\" id=\"h.p_BVTyygoYvaT8_l\"><a href=\"https:\/\/sites.google.com\/view\/rovaniemenboffaajat\/tietosuojaseloste?authuser=0#h.p_BVTyygoYvaT8\"><\/a><a href=\"https:\/\/sites.google.com\/view\/rovaniemenboffaajat\/tietosuojaseloste?authuser=0#h.p_BVTyygoYvaT8\"><\/a>12. Automaattinen p\u00e4\u00e4t\u00f6ksenteko ja profilointi<\/h3>\n\n\n\n<p>Rekisterin tiedoilla ei tehd\u00e4 automaattista p\u00e4\u00e4t\u00f6ksentekoa ja profilointia.<\/p>\n\n\n\n<h3 class=\"wp-block-heading\" id=\"h.p_BfuOO0EbvaT-_l\"><a href=\"https:\/\/sites.google.com\/view\/rovaniemenboffaajat\/tietosuojaseloste?authuser=0#h.p_BfuOO0EbvaT-\"><\/a><a href=\"https:\/\/sites.google.com\/view\/rovaniemenboffaajat\/tietosuojaseloste?authuser=0#h.p_BfuOO0EbvaT-\"><\/a>13. Rekister\u00f6ityjen oikeudet<\/h3>\n\n\n\n<p>Rekister\u00f6idyn henkil\u00f6n huoltajana sinulla on omien ja huollettavasi tietojen k\u00e4sittely\u00e4 koskevat seuraavat oikeudet:<\/p>\n\n\n\n<ul class=\"wp-block-list\">\n<li>Oikeus tarkistaa rekisteriin tallennetut henkil\u00f6tiedot itsest\u00e4si ja huollettavastasi. Jos tiedoissa ilmenee virheellisyyksi\u00e4 tai puutteita, voit pyyt\u00e4\u00e4 korjaamaan tai t\u00e4ydent\u00e4m\u00e4\u00e4n tiedot oikeiksi.<\/li>\n\n\n\n<li>Oikeus vastustaa henkil\u00f6tietojen k\u00e4sittely\u00e4, mik\u00e4li koet, ett\u00e4 henkil\u00f6tietoja on k\u00e4sitelty lainvastaisesti tai ilman asianmukaista oikeutta.<\/li>\n\n\n\n<li>Oikeus pyyt\u00e4\u00e4 poistamaan rekisteriin tallennettuja tietoja.<\/li>\n\n\n\n<li>Oikeus rajoittaa tietojen k\u00e4sittely\u00e4.<\/li>\n\n\n\n<li>Oikeus siirt\u00e4\u00e4 tietoja j\u00e4rjestelm\u00e4st\u00e4 toiseen.<\/li>\n\n\n\n<li>Oikeus tehd\u00e4 valitus tietosuojavaltuutetulle, jos koet, ett\u00e4 henkil\u00f6tietojen k\u00e4sittelyss\u00e4 on rikottu voimassa olevaa tietosuojalains\u00e4\u00e4d\u00e4nt\u00f6\u00e4.<\/li>\n<\/ul>\n\n\n\n<h3 class=\"wp-block-heading\" id=\"h.p_qb4xQo7GvaUE_l\"><a href=\"https:\/\/sites.google.com\/view\/rovaniemenboffaajat\/tietosuojaseloste?authuser=0#h.p_qb4xQo7GvaUE\"><\/a><a href=\"https:\/\/sites.google.com\/view\/rovaniemenboffaajat\/tietosuojaseloste?authuser=0#h.p_qb4xQo7GvaUE\"><\/a>14. Yhteydenotot<\/h3>\n\n\n\n<p>Kaikki t\u00e4t\u00e4 selostetta koskevat yhteydenotot ja pyynn\u00f6t tulee esitt\u00e4\u00e4 kirjallisesti tai henkil\u00f6kohtaisesti kohdassa kaksi (2) nimetylle yhteyshenkil\u00f6lle.<\/p>\n\n\n\n<h3 class=\"wp-block-heading\" id=\"h.p_rI5KLpfKvaUF_l\"><a href=\"https:\/\/sites.google.com\/view\/rovaniemenboffaajat\/tietosuojaseloste?authuser=0#h.p_rI5KLpfKvaUF\"><\/a><a href=\"https:\/\/sites.google.com\/view\/rovaniemenboffaajat\/tietosuojaseloste?authuser=0#h.p_rI5KLpfKvaUF\"><\/a>15. Muutokset tietosuojaselosteessa<\/h3>\n\n\n\n<p>Mik\u00e4li muutamme t\u00e4t\u00e4 selostetta, laitamme muutokset n\u00e4kyville selosteeseen p\u00e4iv\u00e4ttyin\u00e4. Mik\u00e4li muutokset ovat merkitt\u00e4vi\u00e4, voimme informoida n\u00e4ist\u00e4 my\u00f6s muulla tavoin, kuten s\u00e4hk\u00f6postitse tai laittamalla sivuillemme asiasta ilmoituksen. Suosittelemme, ett\u00e4 k\u00e4ytte s\u00e4\u00e4nn\u00f6llisesti sivuillamme ja huomioitte mahdolliset muutoksemme selosteessa.<\/p>\n\n\n\n<div style=\"height:100px\" aria-hidden=\"true\" class=\"wp-block-spacer\"><\/div>\n","protected":false},"excerpt":{"rendered":"<p>P\u00e4ivitetty 22.2.2023. Rovaniemen boffaajat ry:n Junioritoiminnan osallistujarekisterin tietosuojaseloste 1. Rekisterinpit\u00e4j\u00e4 Rovaniemen boffaajat ry Lehtotie 4 96910 Rovaniemi rovaniemenboffaajat@gmail.com 2. Yhteyshenkil\u00f6 rekisteri\u00e4 koskevissa asioissa Heikki Tikkanen, ks.yhteystiedot edell\u00e4. 3. Rekisterin nimi Rovaniemen boffaajat ry:n Junioritoiminnan osallistujarekisteri. 4. Rekister\u00f6idyt Junioritoiminnan osallistujarekisteri sis\u00e4lt\u00e4\u00e4 seuraavat henkil\u00f6ryhm\u00e4t: 5. Rekisterin pit\u00e4misen ja henkil\u00f6tietojen k\u00e4sittelyn perusteet ja [&hellip;]<\/p>\n","protected":false},"author":1,"featured_media":145,"parent":0,"menu_order":0,"comment_status":"closed","ping_status":"closed","template":"","meta":{"footnotes":""},"class_list":["post-124","page","type-page","status-publish","has-post-thumbnail","hentry"],"_links":{"self":[{"href":"https:\/\/www.bofferoi.com\/robo\/index.php\/wp-json\/wp\/v2\/pages\/124","targetHints":{"allow":["GET"]}}],"collection":[{"href":"https:\/\/www.bofferoi.com\/robo\/index.php\/wp-json\/wp\/v2\/pages"}],"about":[{"href":"https:\/\/www.bofferoi.com\/robo\/index.php\/wp-json\/wp\/v2\/types\/page"}],"author":[{"embeddable":true,"href":"https:\/\/www.bofferoi.com\/robo\/index.php\/wp-json\/wp\/v2\/users\/1"}],"replies":[{"embeddable":true,"href":"https:\/\/www.bofferoi.com\/robo\/index.php\/wp-json\/wp\/v2\/comments?post=124"}],"version-history":[{"count":3,"href":"https:\/\/www.bofferoi.com\/robo\/index.php\/wp-json\/wp\/v2\/pages\/124\/revisions"}],"predecessor-version":[{"id":146,"href":"https:\/\/www.bofferoi.com\/robo\/index.php\/wp-json\/wp\/v2\/pages\/124\/revisions\/146"}],"wp:featuredmedia":[{"embeddable":true,"href":"https:\/\/www.bofferoi.com\/robo\/index.php\/wp-json\/wp\/v2\/media\/145"}],"wp:attachment":[{"href":"https:\/\/www.bofferoi.com\/robo\/index.php\/wp-json\/wp\/v2\/media?parent=124"}],"curies":[{"name":"wp","href":"https:\/\/api.w.org\/{rel}","templated":true}]}}