{"id":120,"date":"2023-02-22T19:23:14","date_gmt":"2023-02-22T19:23:14","guid":{"rendered":"http:\/\/www.bofferoi.com\/robo\/?page_id=120"},"modified":"2023-02-24T17:27:30","modified_gmt":"2023-02-24T17:27:30","slug":"boffaus","status":"publish","type":"page","link":"https:\/\/www.bofferoi.com\/robo\/index.php\/boffaus\/","title":{"rendered":"Boffaus"},"content":{"rendered":"\n<h2 class=\"wp-block-heading\" id=\"h.p_xPkT8gvaCM1d_l\">Mik\u00e4 boffaus?<\/h2>\n\n\n\n<p class=\"has-medium-font-size\">Boffaus on keskiaikaista kamppailua mallintava pystyottelulaji. Siin\u00e4 k\u00e4ytetyt aseet ovat kevyit\u00e4 ja pehmustettuja, joten erillisi\u00e4 suojavarusteita ei tarvita. Iskuissa voidaan k\u00e4ytt\u00e4\u00e4 reilusti voimaa, eik\u00e4 kiellettyj\u00e4 osumakohtia ole. Lajia voi harrastaa sujuvasti sis\u00e4ll\u00e4 ja ulkona.<\/p>\n\n\n\n<p class=\"has-medium-font-size\">Oman ottelutyylin ja varusteet saa halutessaan rakentaa alusta asti itse, kunhan noudattaa muutamia peruss\u00e4\u00e4nt\u00f6j\u00e4 peliss\u00e4 ja varusteissa. Boffaus on ennen muuta herrasmieslaji, jossa jokainen laskee itse vastaanottamansa osumat. Ottelemisessa t\u00e4rkeint\u00e4 niin yksil\u00f6- kuin joukkuetasolla on pelaamisen ilo eik\u00e4 niink\u00e4\u00e4n parhaat pisteet.<\/p>\n\n\n\n<p class=\"has-medium-font-size\">Boffaus kehitt\u00e4\u00e4 tehokkaasti kuntoa, nopeutta, voimaa, tasapainoa, koordinaatiota ja kehonhallintaa. Lis\u00e4ksi pelisilm\u00e4 ja kyky ty\u00f6skennell\u00e4 ryhm\u00e4ss\u00e4 kehittyv\u00e4t. Monipuolinen asevalikoima ja ryhm\u00e4ty\u00f6skentely tekev\u00e4t lajista eritt\u00e4in monipuolisen ja ottelijat voivat ottaa kent\u00e4ll\u00e4 monenlaisia rooleja omia vahvuuksiaan hy\u00f6dynt\u00e4en.<\/p>\n\n\n\n<p class=\"has-medium-font-size\">Suomessa laji on eriytynyt aikanaan liveroolipelaamisesta, kun osa sen harrastajista halusi keskitty\u00e4 enemm\u00e4n larppien fyysiseen puoleen eli taisteluihin. Lis\u00e4\u00e4 tietoa &#8221;boffoskenen&#8221; taustoista ja kehittymisest\u00e4 Suomessa saa <a href=\"https:\/\/www.youtube.com\/watch?v=LSemFy6D7Ro\" target=\"_blank\" rel=\"noreferrer noopener\"><strong>Boffauksen menneisyys ja tulevaisuus<\/strong><\/a> -luennosta.<\/p>\n\n\n\n<p class=\"has-medium-font-size\"><a href=\"https:\/\/www.google.com\/url?q=https%3A%2F%2Fboffaus.fi%2F&amp;sa=D&amp;sntz=1&amp;usg=AOvVaw1S16DEr717FqPOY800ykLL\" target=\"_blank\" rel=\"noreferrer noopener\"><strong>Boffaus.fi<\/strong><\/a><strong> <\/strong>on hyv\u00e4 ja kattava opassivusto lajin pariin. Sielt\u00e4 l\u00f6ytyy helpossa muodossa mm. tiedot tapahtumista ja aseiden valmistusohjeet.<\/p>\n\n\n\n<p class=\"has-medium-font-size\"><a href=\"https:\/\/www.youtube.com\/channel\/UC7mxgJQ-bzaj061Gqb5iX8g\" target=\"_blank\" rel=\"noreferrer noopener\"><strong>Boffaajan k\u00e4sikirja<\/strong><\/a> -YouTube-kanavalta voi oppia monenlaisia temppuja ja tekniikoita taisteluun.<\/p>\n\n\n\n<p class=\"has-medium-font-size\"><a href=\"https:\/\/www.google.com\/url?q=https%3A%2F%2Fforum.sotahuuto.fi%2Findex.php&amp;sa=D&amp;sntz=1&amp;usg=AOvVaw3EupGwz7UUF3-9InAC4Lwf\" target=\"_blank\" rel=\"noreferrer noopener\"><strong>Sotahuuto-foorumilla<\/strong><\/a> voi keskustella kaikesta mahdollisesta boffaukseen liittyv\u00e4st\u00e4.<\/p>\n\n\n\n<figure class=\"wp-block-embed is-type-video is-provider-youtube wp-block-embed-youtube wp-embed-aspect-16-9 wp-has-aspect-ratio\"><div class=\"wp-block-embed__wrapper\">\n<iframe loading=\"lazy\" title=\"Boffaustreenit\" width=\"750\" height=\"422\" src=\"https:\/\/www.youtube.com\/embed\/uz15BoUDUs8?feature=oembed\" frameborder=\"0\" allow=\"accelerometer; autoplay; clipboard-write; encrypted-media; gyroscope; picture-in-picture; web-share\" allowfullscreen><\/iframe>\n<\/div><\/figure>\n\n\n\n<div style=\"height:100px\" aria-hidden=\"true\" class=\"wp-block-spacer\"><\/div>\n\n\n\n<h2 class=\"wp-block-heading\" id=\"h.p_UrVHumBFk5J4_l\">Kirjoita historia uusiksi Sotahuudossa<\/h2>\n\n\n\n<p class=\"has-medium-font-size\">Sotahuuto on Suomen suurin vuosittainen, viikonlopun mittainen boffaustapahtuma, ja k\u00e4yt\u00e4nn\u00f6ss\u00e4 lajin suomenmestaruuskisat. Paikalle kokoontuu kymmeni\u00e4 boffaajaryhmi\u00e4 eri puolilta maata. Kent\u00e4ll\u00e4 taistelee yht\u00e4 aikaa 600-700 osallistujaa erilaisissa 15-30 minuutin mittaisissa skenaarioissa.<\/p>\n\n\n\n<p class=\"has-medium-font-size\">Skenaariot suunnitellaan pohjautumaan todellisiin historian tapahtumiin, kuten Skotlannin itsen\u00e4istymiseen tai Suomen Nuijasotaan. Boffaajat kirjoittavat siis oman versionsa aiemmin tapahtuneista taisteluista.<\/p>\n\n\n\n<p class=\"has-medium-font-size\">Tapahtuman kotisivut keskustelufoorumeineen ovat hyv\u00e4 kanava oppia l\u00e4hes kaikki mahdollinen boffaamisesta. Lue lis\u00e4\u00e4 osoitteesta <a href=\"https:\/\/www.google.com\/url?q=https%3A%2F%2Fwww.sotahuuto.fi%2F&amp;sa=D&amp;sntz=1&amp;usg=AOvVaw1gE3wqhiWYm5QUzP0Q2S2o\" target=\"_blank\" rel=\"noreferrer noopener\"><strong>sotahuuto.fi<\/strong><\/a>.<\/p>\n\n\n\n<figure class=\"wp-block-embed is-type-video is-provider-youtube wp-block-embed-youtube wp-embed-aspect-16-9 wp-has-aspect-ratio\"><div class=\"wp-block-embed__wrapper\">\n<iframe loading=\"lazy\" title=\"Sotahuuto\" width=\"750\" height=\"422\" src=\"https:\/\/www.youtube.com\/embed\/waOBMZcDcZI?feature=oembed\" frameborder=\"0\" allow=\"accelerometer; autoplay; clipboard-write; encrypted-media; gyroscope; picture-in-picture; web-share\" allowfullscreen><\/iframe>\n<\/div><\/figure>\n\n\n\n<div style=\"height:100px\" aria-hidden=\"true\" class=\"wp-block-spacer\"><\/div>\n\n\n\n<h2 class=\"wp-block-heading\" id=\"h.p_4eQT-RATOvQw_l\">S\u00e4\u00e4nn\u00f6t<\/h2>\n\n\n\n<p class=\"has-medium-font-size\">Pelin s\u00e4\u00e4nn\u00f6t oppii helposti jo ensimm\u00e4isen ottelun aikana:<\/p>\n\n\n\n<ol class=\"wp-block-list\">\n<li>Osuma p\u00e4\u00e4h\u00e4n tai keskivartaloon &#8221;tappaa&#8221; heti<\/li>\n\n\n\n<li>Osuma k\u00e4teen tai jalkaan poistaa kyseisen raajan k\u00e4yt\u00f6st\u00e4<\/li>\n\n\n\n<li>Toinen osuma kuolleeseen raajaan, tai molempien k\u00e4sien tai jalkojen menett\u00e4minen tappaa<\/li>\n<\/ol>\n\n\n\n<div style=\"height:100px\" aria-hidden=\"true\" class=\"wp-block-spacer\"><\/div>\n\n\n\n<h2 class=\"wp-block-heading\" id=\"h.p_c1lSMzvTD-QC_l\">Mit\u00e4 varusteita tarvitsen?<\/h2>\n\n\n\n<p class=\"has-medium-font-size\">Minimiss\u00e4\u00e4n varusteiksi riitt\u00e4v\u00e4t perushyv\u00e4t liikuntavaatteet ja saliin tai maastoon sopivat keng\u00e4t. Rovaniemen treeneiss\u00e4 on aina ollut riitt\u00e4v\u00e4sti aseita uusille kokeilijoille lainattavaksi.<\/p>\n\n\n\n<p class=\"has-medium-font-size\">Boffatessa voi halutessaan k\u00e4ytt\u00e4\u00e4 my\u00f6s kyp\u00e4r\u00e4\u00e4 ja erilaisia panssareita. Niill\u00e4 voi saada peliteknist\u00e4 etua, koska ensimm\u00e4isen osuman kuhunkin panssaroituun kohtaan (p\u00e4\u00e4, keskivartalo, kukin raaja) saa anteeksi. Panssareita, kuten aseitakin, voi valmistaa itse kohtuullisen pienin kustannuksin. K\u00e4sity\u00f6t voivat olla lajissa yht\u00e4 t\u00e4rke\u00e4 osa kuin liikuntakin.<\/p>\n\n\n\n<figure class=\"wp-block-embed is-type-video is-provider-youtube wp-block-embed-youtube wp-embed-aspect-16-9 wp-has-aspect-ratio\"><div class=\"wp-block-embed__wrapper\">\n<iframe loading=\"lazy\" title=\"Sotahuuto 2019\" width=\"750\" height=\"422\" src=\"https:\/\/www.youtube.com\/embed\/_69QA_IJ5Zs?feature=oembed\" frameborder=\"0\" allow=\"accelerometer; autoplay; clipboard-write; encrypted-media; gyroscope; picture-in-picture; web-share\" allowfullscreen><\/iframe>\n<\/div><\/figure>\n\n\n\n<div style=\"height:100px\" aria-hidden=\"true\" class=\"wp-block-spacer\"><\/div>\n","protected":false},"excerpt":{"rendered":"<p>Mik\u00e4 boffaus? Boffaus on keskiaikaista kamppailua mallintava pystyottelulaji. Siin\u00e4 k\u00e4ytetyt aseet ovat kevyit\u00e4 ja pehmustettuja, joten erillisi\u00e4 suojavarusteita ei tarvita. Iskuissa voidaan k\u00e4ytt\u00e4\u00e4 reilusti voimaa, eik\u00e4 kiellettyj\u00e4 osumakohtia ole. Lajia voi harrastaa sujuvasti sis\u00e4ll\u00e4 ja ulkona. Oman ottelutyylin ja varusteet saa halutessaan rakentaa alusta asti itse, kunhan noudattaa muutamia peruss\u00e4\u00e4nt\u00f6j\u00e4 [&hellip;]<\/p>\n","protected":false},"author":1,"featured_media":143,"parent":0,"menu_order":0,"comment_status":"closed","ping_status":"closed","template":"","meta":{"footnotes":""},"class_list":["post-120","page","type-page","status-publish","has-post-thumbnail","hentry"],"_links":{"self":[{"href":"https:\/\/www.bofferoi.com\/robo\/index.php\/wp-json\/wp\/v2\/pages\/120","targetHints":{"allow":["GET"]}}],"collection":[{"href":"https:\/\/www.bofferoi.com\/robo\/index.php\/wp-json\/wp\/v2\/pages"}],"about":[{"href":"https:\/\/www.bofferoi.com\/robo\/index.php\/wp-json\/wp\/v2\/types\/page"}],"author":[{"embeddable":true,"href":"https:\/\/www.bofferoi.com\/robo\/index.php\/wp-json\/wp\/v2\/users\/1"}],"replies":[{"embeddable":true,"href":"https:\/\/www.bofferoi.com\/robo\/index.php\/wp-json\/wp\/v2\/comments?post=120"}],"version-history":[{"count":4,"href":"https:\/\/www.bofferoi.com\/robo\/index.php\/wp-json\/wp\/v2\/pages\/120\/revisions"}],"predecessor-version":[{"id":144,"href":"https:\/\/www.bofferoi.com\/robo\/index.php\/wp-json\/wp\/v2\/pages\/120\/revisions\/144"}],"wp:featuredmedia":[{"embeddable":true,"href":"https:\/\/www.bofferoi.com\/robo\/index.php\/wp-json\/wp\/v2\/media\/143"}],"wp:attachment":[{"href":"https:\/\/www.bofferoi.com\/robo\/index.php\/wp-json\/wp\/v2\/media?parent=120"}],"curies":[{"name":"wp","href":"https:\/\/api.w.org\/{rel}","templated":true}]}}