{"id":415,"date":"2023-03-31T15:55:26","date_gmt":"2023-03-31T15:55:26","guid":{"rendered":"https:\/\/www.bofferoi.com\/hiidenkirnu\/?page_id=415"},"modified":"2026-03-16T08:54:10","modified_gmt":"2026-03-16T08:54:10","slug":"ruokailu","status":"publish","type":"page","link":"https:\/\/www.bofferoi.com\/hiidenkirnu\/index.php\/ruokailu\/","title":{"rendered":"Ruokailu"},"content":{"rendered":"\n<p>Aloitamme taistelut jo perjantai-iltana, jolloin ei ole j\u00e4rjestetty\u00e4 ruokailua. Kannattaa siis varmistaa omasta takaa, ett\u00e4 energiaa riitt\u00e4\u00e4 ensimm\u00e4isiin y\u00f6taisteluihin!<\/p>\n\n\n\n<p>Omaan vy\u00f6laukkuun tai vastaavaan taistelussa mukana kulkevaan taskuun on suositeltavaa varata pient\u00e4 v\u00e4lipalaa my\u00f6s taistelun\u00e4yt\u00f6sten ajaksi, sill\u00e4 ne kest\u00e4v\u00e4t keskim\u00e4\u00e4rin pari tuntia. Varsinkin jos et varaa itsellesi j\u00e4rjestetty\u00e4 ruokailua, huolehdithan energiansaannistasi kunnolla!<\/p>\n\n\n\n<p>Pid\u00e4 huoli, ett\u00e4 sinulla on jatkuvasti vett\u00e4 mukana tai ainakin oma sopivan kokoinen juomapullo tms. j\u00e4rkev\u00e4n et\u00e4isyyden p\u00e4\u00e4ss\u00e4. Tapahtuma- ja taistelualueella on jatkuvassa k\u00e4yt\u00f6ss\u00e4 useita vesipisteit\u00e4, joista omaa astiaa voi t\u00e4ytt\u00e4\u00e4 my\u00f6s taistelun aikana.<\/p>\n\n\n\n<p><\/p>\n\n\n\n<h2 class=\"wp-block-heading has-primary-color has-text-color\">Ruoanlaitto Leirikarissa<\/h2>\n\n\n\n<p>Leirikarissa on useita tulentekopaikkoja ruoanlaittoa varten. Avotulet saa tehd\u00e4 vain t\u00e4llaisille paikoille. Retkikeittimen k\u00e4ytt\u00f6 on sallittua talojen piha-alueilla ja teltta-alueilla. Ruoanlaittopaikat ja teltta-alueet n\u00e4et viimeist\u00e4\u00e4n tapahtuman infolehtisest\u00e4. <\/p>\n\n\n\n<p>Leirikarin Yl\u00e4talon keitti\u00f6t\u00e4 voi k\u00e4ytt\u00e4\u00e4 omien ruokien valmistukseen, mutta keitti\u00f6ss\u00e4 on vain rajallinen m\u00e4\u00e4r\u00e4 helloja, kattiloita ym. Emme voi siis taata, ett\u00e4 kaikki halukkaat mahtuvat tekem\u00e4\u00e4n omia ruokia sis\u00e4tiloissa yht\u00e4aikaa varsinkaan j\u00e4rjestetyn ruokailun yhteydess\u00e4. Uunit on varattu j\u00e4rjestettyjen ruokailujen aikaan aterioiden l\u00e4mmitt\u00e4miseen. Samoin j\u00e4\u00e4kaapit on varattu p\u00e4\u00e4asiassa j\u00e4rjestettyjen ruokailujen ruokatarvikkeiden s\u00e4ilytt\u00e4miseen. Suosittelemmekin siksi omien ruokien valmistamisessa k\u00e4ytt\u00e4m\u00e4\u00e4n etusijassa kuivaruokia.<\/p>\n\n\n\n<p><\/p>\n\n\n\n<h2 class=\"wp-block-heading has-primary-color has-text-color\">J\u00e4rjestetty ruokailu<\/h2>\n\n\n\n<p>Hiidenkirnun ruokailu sis\u00e4lt\u00e4\u00e4 kaikkiaan viisi l\u00e4mmint\u00e4 ateriaa lauantain ja sunnuntain aikana.\u00a0Voit varata itsellesi j\u00e4rjestetyn ruokailun ilmoittautumislomakkeessa. Ruokailun hinta on <strong>40 \u20ac<\/strong>. Ilmoittautumislomakkeessa voit kertoa, jos oma ruokavaliosi on laktoositon tai gluteeniton, ja jos sinulla on jokin muu ruoka-aineyliherkkyys. <\/p>\n\n\n\n<p>Aterioihin kuuluu l\u00e4mpimien annosten lis\u00e4ksi mehut, vedet, leiv\u00e4t, levitteet, leikkeleet, juustot ym. sek\u00e4 kahvi tai tee.<\/p>\n\n\n\n<p>L\u00e4mpim\u00e4t ruoat vuonna toimittaa <a href=\"https:\/\/www.kokkicatering.fi\/\" target=\"_blank\" rel=\"noreferrer noopener\">Kahden Kokin Catering<\/a>.<\/p>\n\n\n\n<h3 class=\"wp-block-heading has-primary-color has-text-color has-large-font-size\">La 14.6.&nbsp;<\/h3>\n\n\n\n<p><strong>Aamupala:<\/strong> Kaurapuuroa, voisilm\u00e4 ja hillo<\/p>\n\n\n\n<p><strong>Lounas:<\/strong> Savuporokiusaus \/ tofukiusaus + vihersalaatti.<\/p>\n\n\n\n<p><strong>P\u00e4iv\u00e4llinen:<\/strong> Chorizo-kanapasta \/ h\u00e4rkispasta + raaste.<\/p>\n\n\n\n<p><\/p>\n\n\n\n<h3 class=\"wp-block-heading has-primary-color has-text-color has-large-font-size\">Su 15.6.&nbsp;&nbsp;&nbsp;&nbsp;&nbsp;&nbsp;&nbsp;&nbsp;&nbsp;&nbsp;&nbsp;&nbsp;&nbsp;<\/h3>\n\n\n\n<p><strong>Aamupala: <\/strong>Riisipuuro voisilm\u00e4 ja hillo<\/p>\n\n\n\n<p><strong>Lounas \/ p\u00e4iv\u00e4llinen<\/strong>: Texmex-risotto \/ linssirisotto + coleslaw salaatti<\/p>\n\n\n\n<p><\/p>\n\n\n\n<h2 class=\"wp-block-heading has-primary-color has-text-color\">Muu tarjonta<\/h2>\n\n\n\n<h3 class=\"wp-block-heading has-primary-color has-text-color has-large-font-size\">Oikaraisen Taukopaikka &#8211; nouda pizzaa, wingsej\u00e4, ym.<\/h3>\n\n\n\n<p>Rovaniemen parhaaksi pizzapaikaksi kehuttu Taukopaikka sijaitsee 16 km p\u00e4\u00e4ss\u00e4 Leirikarista Rovaniemen suuntaan. Autolla voit k\u00e4yd\u00e4 varsin helposti noutamassa itsellesi tai porukallesi pizzaa ruoaksi, kun teet tilauksen viimeist\u00e4\u00e4n saman p\u00e4iv\u00e4n aamuna, ja sovit tilausta tehdess\u00e4si, milloin tulet noutamaan sen.&nbsp;<\/p>\n\n\n\n<p>Taukopaikasta saa my\u00f6s monenlaisia naposteltavia ja juotavia.<br><a href=\"http:\/\/www.oikaraisentaukopaikka.fi\/\">http:\/\/www.oikaraisentaukopaikka.fi\/<br><\/a><a href=\"https:\/\/goo.gl\/maps\/NSZGuKBEH3MooyvK7\">https:\/\/goo.gl\/maps\/NSZGuKBEH3MooyvK7<\/a><\/p>\n\n\n\n<p><\/p>\n\n\n\n<h3 class=\"wp-block-heading has-primary-color has-text-color has-large-font-size\">K-Market Jokitori<\/h3>\n\n\n\n<p>Vanttauskoskella 16 km p\u00e4\u00e4ss\u00e4 Leirikarista Kuusamon suuntaan on l\u00e4hin varsinainen ruokakauppa. Kauppa on avoinna klo 20:00 saakka, paitsi perjaintaisin klo 21:00 saakka.<\/p>\n\n\n\n<p><a href=\"https:\/\/goo.gl\/maps\/oJoMKQTgFh74TFka7\">https:\/\/goo.gl\/maps\/oJoMKQTgFh74TFka7<\/a><\/p>\n\n\n\n<p><\/p>\n\n\n\n<h3 class=\"wp-block-heading has-primary-color has-text-color has-large-font-size\">Keskiaikaravintola Wanha Autti<\/h3>\n\n\n\n<p>40 km Leirikarista Posion ja Kuusamon suuntaan l\u00f6ytyy keskiaikaista ruokaa tarjoileva ravintola. Auttissa on viel\u00e4 muutama vuosi sitten j\u00e4rjestetty Lapin suurimpia keskiaikamarkkinoita. Jos mielit t\u00e4nne sy\u00f6m\u00e4\u00e4n, varaa palvelu hyviss\u00e4 ajoin.<\/p>\n\n\n\n<p><em>&#8221;Wanha Autti on perustettu kunnioituksella vanhan kauppareitin kulkijoille. Sy\u00f6minkien ruokalista r\u00e4\u00e4t\u00e4l\u00f6id\u00e4\u00e4n tilaajan toiveiden mukaan erilaisista eurooppalaisista kulttuureista tulleista vaikutteista alkaen ajanjaksolla 500-luvulta ja p\u00e4\u00e4ttyen 1500-luvulle.&#8221;<\/em><\/p>\n\n\n\n<p>T\u00e4st\u00e4 p\u00e4\u00e4set ravintolan sivuille: <a rel=\"noreferrer noopener\" href=\"https:\/\/arcticfantasy.fi\/keskiaikaravintola-wanha-autti\/\" target=\"_blank\">https:\/\/arcticfantasy.fi\/keskiaikaravintola-wanha-autti\/<\/a><\/p>\n\n\n\n<p><\/p>\n","protected":false},"excerpt":{"rendered":"<p> [&hellip;]<\/p>\n","protected":false},"author":2,"featured_media":0,"parent":0,"menu_order":0,"comment_status":"closed","ping_status":"closed","template":"","meta":{"footnotes":""},"class_list":["post-415","page","type-page","status-publish","hentry"],"_links":{"self":[{"href":"https:\/\/www.bofferoi.com\/hiidenkirnu\/index.php\/wp-json\/wp\/v2\/pages\/415","targetHints":{"allow":["GET"]}}],"collection":[{"href":"https:\/\/www.bofferoi.com\/hiidenkirnu\/index.php\/wp-json\/wp\/v2\/pages"}],"about":[{"href":"https:\/\/www.bofferoi.com\/hiidenkirnu\/index.php\/wp-json\/wp\/v2\/types\/page"}],"author":[{"embeddable":true,"href":"https:\/\/www.bofferoi.com\/hiidenkirnu\/index.php\/wp-json\/wp\/v2\/users\/2"}],"replies":[{"embeddable":true,"href":"https:\/\/www.bofferoi.com\/hiidenkirnu\/index.php\/wp-json\/wp\/v2\/comments?post=415"}],"version-history":[{"count":8,"href":"https:\/\/www.bofferoi.com\/hiidenkirnu\/index.php\/wp-json\/wp\/v2\/pages\/415\/revisions"}],"predecessor-version":[{"id":1113,"href":"https:\/\/www.bofferoi.com\/hiidenkirnu\/index.php\/wp-json\/wp\/v2\/pages\/415\/revisions\/1113"}],"wp:attachment":[{"href":"https:\/\/www.bofferoi.com\/hiidenkirnu\/index.php\/wp-json\/wp\/v2\/media?parent=415"}],"curies":[{"name":"wp","href":"https:\/\/api.w.org\/{rel}","templated":true}]}}