{"id":313,"date":"2023-02-26T15:30:53","date_gmt":"2023-02-26T15:30:53","guid":{"rendered":"https:\/\/www.bofferoi.com\/hiidenkirnu\/?page_id=313"},"modified":"2023-03-31T19:59:54","modified_gmt":"2023-03-31T19:59:54","slug":"boffauksen-saannot","status":"publish","type":"page","link":"https:\/\/www.bofferoi.com\/hiidenkirnu\/index.php\/boffauksen-saannot\/","title":{"rendered":"Boffauksen s\u00e4\u00e4nn\u00f6t"},"content":{"rendered":"\n<p>Hiidenkirnun taistelussa noudatetaan Sotahuuto-tapahtuman taistelus\u00e4\u00e4nt\u00f6j\u00e4, jotka on tiivistetty t\u00e4h\u00e4n.<\/p>\n\n\n\n<div class=\"wp-block-group is-nowrap is-layout-flex wp-container-core-group-is-layout-6c531013 wp-block-group-is-layout-flex\">\n<figure class=\"wp-block-image size-full\"><img loading=\"lazy\" decoding=\"async\" width=\"208\" height=\"296\" src=\"https:\/\/www.bofferoi.com\/hiidenkirnu\/wp-content\/uploads\/2023\/02\/boffaus_saannot_osumakohdat.png\" alt=\"\" class=\"wp-image-314\"\/><\/figure>\n\n\n\n<div class=\"wp-block-group has-global-padding is-layout-constrained wp-block-group-is-layout-constrained\">\n<div class=\"wp-block-group is-vertical is-layout-flex wp-container-core-group-is-layout-fe9cc265 wp-block-group-is-layout-flex\">\n<p>Taistelus\u00e4\u00e4nn\u00f6t ovat yksinkertaiset:<\/p>\n\n\n\n<ol class=\"wp-block-list\">\n<li>Osuma vartaloon tai p\u00e4\u00e4h\u00e4n johtaa kuolemaan.<\/li>\n\n\n\n<li>Osuma raajaan tekee raajan k\u00e4ytt\u00f6kelvottomaksi.<\/li>\n\n\n\n<li>Uusi osuma jo vahingoittuneeseen raajaan johtaa kuolemaan.<\/li>\n\n\n\n<li>Kahden k\u00e4den tai kahden jalan menett\u00e4misest\u00e4 seuraa niin ik\u00e4\u00e4n kuolema.<\/li>\n<\/ol>\n\n\n\n<p>Osumapaikat n\u00e4et kuvasta. Niiden tarkemmat sanalliset m\u00e4\u00e4ritelm\u00e4t l\u00f6ytyv\u00e4t yksityiskohtaisten taistelus\u00e4\u00e4nt\u00f6jen liitteist\u00e4.<\/p>\n<\/div>\n<\/div>\n<\/div>\n\n\n\n<p>Osumaksi lasketaan mik\u00e4 tahansa aseen ter\u00e4n tai vaikuttavan osan (kuten sotanuijien k\u00e4rki) osuma, joka osuu taistelijaan asti hy\u00f6kk\u00e4yksen seurauksena. Selv\u00e4sti vartalosta erill\u00e4\u00e4n oleviin vaatteisiin tulleita osumia ei lasketa. On kohteliasta yritt\u00e4\u00e4 tehd\u00e4 ly\u00f6j\u00e4llekin selv\u00e4ksi, osuiko annettu isku vai ei. Jokainen taistelijaan osuva isku lasketaan osumaksi riippumatta siit\u00e4, kuinka kevyt se on.<\/p>\n\n\n\n<p>Jokainen laskee itseens\u00e4 osuneet osumat reilusti. Jos joku ei laske osumia, t\u00e4st\u00e4 voi k\u00e4yd\u00e4 sanomassa kyseiselle taistelijalle ja valvojille. Ep\u00e4selviss\u00e4 tilanteissa on kaikkien kannalta parasta vain ottaa ep\u00e4selv\u00e4 isku kohteliaasti osumana vastaan.<\/p>\n\n\n\n<h2 class=\"has-primary-color has-text-color wp-block-heading\">Kontaktista<\/h2>\n\n\n\n<p>On sallittua tarttua vastustajan aseeseen, ei kuitenkaan ter\u00e4aseen ter\u00e4\u00e4n.<\/p>\n\n\n\n<p>Kehokontakti osallistujien v\u00e4lill\u00e4 sallitaan. Vastustajaan tarrautuminen on kuitenkin kielletty\u00e4, samoin t\u00f6niminen, kamppaamiset tai muu pidemm\u00e4lle viety painiskelu. Mik\u00e4\u00e4n tekniikka ei saa johtaa lukkoihin.<\/p>\n\n\n\n<p>Kilvell\u00e4 on sallittua ottaa vastustajaan kontaktia ty\u00f6nt\u00e4m\u00e4ll\u00e4 ja vastustajan riviin saa ty\u00f6nty\u00e4 kilpe\u00e4 k\u00e4ytt\u00e4en. Kilvell\u00e4 ei saa ly\u00f6d\u00e4 eik\u00e4 sill\u00e4 saa kaataa vastustajia. Hallitsematon tai kaatamiseen t\u00e4ht\u00e4\u00e4v\u00e4 rynn\u00e4k\u00f6inti on kielletty\u00e4. Varsiaseilla saa ty\u00f6nt\u00e4\u00e4 kilpi\u00e4 ja aseita mutta niill\u00e4 ei saa ryhty\u00e4 painimaan eik\u00e4 varrella saa ly\u00f6d\u00e4 vastustajia.<\/p>\n\n\n\n<p>Jos p\u00e4\u00e4set ly\u00f6m\u00e4\u00e4n vastustajaa takaa tai muuten ilman, ett\u00e4 kohde huomaa iskun tulevan, iskut pit\u00e4\u00e4 tehd\u00e4 mahdollisimman kevyesti ja v\u00e4ltt\u00e4en takaraivoa, niskaa ja munuaisia.<\/p>\n\n\n\n<h2 class=\"has-primary-color has-text-color wp-block-heading\">Panssarin vaikutus taisteluun<\/h2>\n\n\n\n<p>Panssari suojaa yhdelt\u00e4 osumalta jokaisessa osumapaikassa, jossa sit\u00e4 on, mutta vain panssarin peitt\u00e4m\u00e4lt\u00e4 alueelta. Panssari uusiutuu vasta taistelijan kuoltua.<\/p>\n\n\n\n<h2 class=\"has-primary-color has-text-color wp-block-heading\">Kuolema<\/h2>\n\n\n\n<p>Kun pelaaja saa kuolettavan osuman, tulee h\u00e4nen nostaa k\u00e4tens\u00e4 p\u00e4\u00e4ns\u00e4 p\u00e4\u00e4lle ja pit\u00e4\u00e4 asetta v\u00e4\u00e4rin p\u00e4in k\u00e4dess\u00e4\u00e4n. Kuolemasta kannattaa ilmoittaa my\u00f6s sanallisesti muille pelaajille. Pelaajan tulee poistua ensimm\u00e4isen tilaisuuden tullen kontaktista sivummalle, h\u00e4iriten taistelua mahdollisimman v\u00e4h\u00e4n.<\/p>\n\n\n\n<p>Pelist\u00e4 pudonnut pelaaja n\u00e4ytt\u00e4\u00e4 oranssilla raatoliinalla olevansa ulkona pelist\u00e4. Raatoliina tulee kiinnitt\u00e4\u00e4 esim p\u00e4\u00e4h\u00e4n tai pit\u00e4\u00e4 sit\u00e4 k\u00e4dess\u00e4 p\u00e4\u00e4n p\u00e4\u00e4ll\u00e4. Raatoliinaa tulee k\u00e4ytt\u00e4\u00e4 niin kauan, kunnes p\u00e4\u00e4see ulos skenaarioalueelta. Pelist\u00e4 pudonneiden pelaajien tulee liikkua h\u00e4iritsem\u00e4tt\u00e4 peliss\u00e4 viel\u00e4 olevia pelaajia. Pelist\u00e4 pudonneet eiv\u00e4t keskustele viel\u00e4 mukana olevien kanssa. Kuolleeksi tekeytyminen tai r\u00f6yhke\u00e4 kuolleiden joukossa piilottelu on kielletty.<\/p>\n\n\n\n<h2 class=\"has-primary-color has-text-color wp-block-heading\">Hold-huuto<\/h2>\n\n\n\n<p>Hold-huudon tarkoitus on keskeytt\u00e4\u00e4 peliin liittyv\u00e4 toiminta. Tilanteessa, jossa joku on todellisessa vaarassa loukkaantua, tulee huutaa \u201cHold!\u201d ja laskeutua polvelle. Hold-huudon kuullessaan pelaajan on lopetettava taisteleminen, laskeuduttava polvelle ja toistaa hold-huuto. J\u00e4rjest\u00e4j\u00e4t tiedottavat tilanteen etenemisest\u00e4.<\/p>\n\n\n\n<p>Kaikki tilanteet eiv\u00e4t ole vaarallisia. Esimerkiksi irronneesta miekan k\u00e4rjest\u00e4 voi huutaa vain \u201cMiekkasi on rikki!\u201d sit\u00e4 k\u00e4ytt\u00e4v\u00e4lle pelaajalle. My\u00f6sk\u00e4\u00e4n maahan kaatuminen ei ole vaaratilanne, ellei henkil\u00f6 ole vaarassa tallautua pahasti jalkoihin. Jo tapahtuneet vahingot, kuten nilkan nyrj\u00e4ht\u00e4minen, eiv\u00e4t yleens\u00e4 vaadi \u201cHold!\u201d huutoa, vaan jonkun avustamaan loukkaantuneen ensiapupisteelle.<\/p>\n\n\n\n<p class=\"has-link-color wp-elements-485285ad5f9ffe97645a0a29e261a948\"><a href=\"https:\/\/sotahuuto.fi\/saannot\/\" target=\"_blank\" rel=\"noreferrer noopener\">Sotahuudon s\u00e4\u00e4nn\u00f6t<\/a><br><br>Aseiden rakentamiseen l\u00f6ytyy hyvi\u00e4 ohjeita osoitteesta <a href=\"https:\/\/boffaus.fi\/rakentelu\/\" target=\"_blank\" rel=\"noreferrer noopener\">Boffaus.fi\/rakentelu<\/a><\/p>\n","protected":false},"excerpt":{"rendered":"<p> [&hellip;]<\/p>\n","protected":false},"author":1,"featured_media":0,"parent":0,"menu_order":0,"comment_status":"closed","ping_status":"closed","template":"","meta":{"footnotes":""},"class_list":["post-313","page","type-page","status-publish","hentry"],"_links":{"self":[{"href":"https:\/\/www.bofferoi.com\/hiidenkirnu\/index.php\/wp-json\/wp\/v2\/pages\/313","targetHints":{"allow":["GET"]}}],"collection":[{"href":"https:\/\/www.bofferoi.com\/hiidenkirnu\/index.php\/wp-json\/wp\/v2\/pages"}],"about":[{"href":"https:\/\/www.bofferoi.com\/hiidenkirnu\/index.php\/wp-json\/wp\/v2\/types\/page"}],"author":[{"embeddable":true,"href":"https:\/\/www.bofferoi.com\/hiidenkirnu\/index.php\/wp-json\/wp\/v2\/users\/1"}],"replies":[{"embeddable":true,"href":"https:\/\/www.bofferoi.com\/hiidenkirnu\/index.php\/wp-json\/wp\/v2\/comments?post=313"}],"version-history":[{"count":2,"href":"https:\/\/www.bofferoi.com\/hiidenkirnu\/index.php\/wp-json\/wp\/v2\/pages\/313\/revisions"}],"predecessor-version":[{"id":433,"href":"https:\/\/www.bofferoi.com\/hiidenkirnu\/index.php\/wp-json\/wp\/v2\/pages\/313\/revisions\/433"}],"wp:attachment":[{"href":"https:\/\/www.bofferoi.com\/hiidenkirnu\/index.php\/wp-json\/wp\/v2\/media?parent=313"}],"curies":[{"name":"wp","href":"https:\/\/api.w.org\/{rel}","templated":true}]}}