{"id":22,"date":"2023-02-19T18:50:31","date_gmt":"2023-02-19T18:50:31","guid":{"rendered":"http:\/\/www.bofferoi.com\/hiidenkirnu\/?page_id=22"},"modified":"2026-03-16T08:55:10","modified_gmt":"2026-03-16T08:55:10","slug":"majoitus","status":"publish","type":"page","link":"https:\/\/www.bofferoi.com\/hiidenkirnu\/index.php\/majoitus\/","title":{"rendered":"Majoitus"},"content":{"rendered":"\n<p>Leirikarissa taloissa y\u00f6pyj\u00e4t vastaavat kaikki henkil\u00f6kohtaisesti k\u00e4ytt\u00e4miens\u00e4 nukkumatilojen siisteydest\u00e4. Oma peti ja huone on poistuttaessa oltava samassa kunnossa kuin saavuttaessa. J\u00e4rjest\u00e4j\u00e4t vastaavat yhteisten tilojen siivoamisesta tapahtuman j\u00e4lkeen, mutta makuuhuoneiden siisteys on majoittujien vastuulla. Sis\u00e4tiloissa kenkien k\u00e4ytt\u00f6 on kielletty, mahdollisesti ulko-ovea l\u00e4himmiss\u00e4 vessoissa k\u00e4ynti\u00e4 lukuun ottamatta.<\/p>\n\n\n\n<p>Riippumatta siit\u00e4, miten y\u00f6vyt, ota omat vuodevaatteet, makuupatja ja -pussi tai vastaava mukaan! Vuoteissa on valmiina patja, p\u00e4iv\u00e4peite (jota ei saa irrottaa) ja tyyny, mutta ei peittoa.<\/p>\n\n\n\n<p>Voit ilmoittautumislomakkeessa kertoa haluavasi vuode- tai lattiapaikan, jos niit\u00e4 on j\u00e4ljell\u00e4. J\u00e4ljell\u00e4 olevien paikkojen m\u00e4\u00e4r\u00e4 n\u00e4kyy lomakkeessa. Tiedotamme mahdollisista vapautuneista paikoista tapahtuman alkamiseen saakka, jotta kaikki paikat tulevat t\u00e4ytetyiksi.<\/p>\n\n\n\n<p><\/p>\n\n\n\n<h2 class=\"wp-block-heading\" id=\"h.cn3a00npxqhf_l\"><a href=\"https:\/\/sites.google.com\/view\/rovaniemenboffaajat\/hiidenkirnu\/majoitus?authuser=0#h.cn3a00npxqhf\"><\/a><a href=\"https:\/\/sites.google.com\/view\/rovaniemenboffaajat\/hiidenkirnu\/majoitus?authuser=0#h.cn3a00npxqhf\"><\/a><mark style=\"background-color:rgba(0, 0, 0, 0)\" class=\"has-inline-color has-primary-color\">Vuodepaikat<\/mark><\/h2>\n\n\n\n<p>Leirikarin Yl\u00e4talossa on 55 vuodepaikkaa 6-10 hengen huoneissa.<\/p>\n\n\n\n<p>Paikat annetaan nopeusj\u00e4rjestyksess\u00e4 niist\u00e4 varauksen tehneille. Jokainen halukas varaa itselleen ilmoittautuessaan vuodepaikan, ja j\u00e4rjest\u00e4j\u00e4t jakavat paikan varanneet huoneisiin. Samoihin huoneisiin laitetaan ensin samaan ryhm\u00e4\u00e4n, sitten samaan armeijaan kuuluvat. Paikkoja voi toki vaihdella majoittujien keskin\u00e4isen sopimuksen mukaan sitten kun ollaan k\u00e4ym\u00e4ss\u00e4 taloksi.<\/p>\n\n\n\n<p><\/p>\n\n\n\n<h2 class=\"wp-block-heading\" id=\"h.lqfo5mn3try2_l\"><a href=\"https:\/\/sites.google.com\/view\/rovaniemenboffaajat\/hiidenkirnu\/majoitus?authuser=0#h.lqfo5mn3try2\"><\/a><a href=\"https:\/\/sites.google.com\/view\/rovaniemenboffaajat\/hiidenkirnu\/majoitus?authuser=0#h.lqfo5mn3try2\"><\/a><mark style=\"background-color:rgba(0, 0, 0, 0)\" class=\"has-inline-color has-primary-color\">Lattiapaikat<\/mark><\/h2>\n\n\n\n<p>Yl\u00e4talossa on t\u00e4ll\u00e4 hetkell\u00e4 5 lattiapaikkaa. Lattiapaikkojen rajallinen m\u00e4\u00e4r\u00e4 johtuu tilan paloturvallisuusm\u00e4\u00e4r\u00e4yksist\u00e4. Jos paikkoja saadaan lis\u00e4\u00e4 my\u00f6hemmin, tiedotamme siit\u00e4.<\/p>\n\n\n\n<p>My\u00f6s lattiapaikat annetaan nopeusj\u00e4rjestyksess\u00e4 niist\u00e4 varauksen tehneille.<\/p>\n\n\n\n<p>J\u00e4rjest\u00e4j\u00e4t osoittavat lattiapaikat varaajien oman ryhm\u00e4n tai oman armeijan muiden j\u00e4senten l\u00e4hist\u00f6lle.<\/p>\n\n\n\n<p><\/p>\n\n\n\n<h2 class=\"wp-block-heading\" id=\"h.wb08hmtl4hn7_l\"><a href=\"https:\/\/sites.google.com\/view\/rovaniemenboffaajat\/hiidenkirnu\/majoitus?authuser=0#h.wb08hmtl4hn7\"><\/a><a href=\"https:\/\/sites.google.com\/view\/rovaniemenboffaajat\/hiidenkirnu\/majoitus?authuser=0#h.wb08hmtl4hn7\"><\/a><mark style=\"background-color:rgba(0, 0, 0, 0)\" class=\"has-inline-color has-primary-color\">Ulkomajoitus<\/mark><\/h2>\n\n\n\n<p>Jos et halua tai ehdi varata sis\u00e4majoitusta Leirikarista, voit y\u00f6py\u00e4 teltassa Leirikarin pihapiirist\u00e4 telttailulle erikseen osoitetuilla paikoilla, tai halutessasi kauempanakin, ei kuitenkaan taistelualueella. Teltta-alueet ja parkkialueet tarkentuvat my\u00f6hemmin ja ne voi tarkistaa tapahtuman infolehtisen kartasta.<\/p>\n\n\n\n<p><\/p>\n\n\n\n<h1 class=\"wp-block-heading\" id=\"h.sghiumadcxvd_l\"><a href=\"https:\/\/sites.google.com\/view\/rovaniemenboffaajat\/hiidenkirnu\/majoitus?authuser=0#h.sghiumadcxvd\"><\/a><a href=\"https:\/\/sites.google.com\/view\/rovaniemenboffaajat\/hiidenkirnu\/majoitus?authuser=0#h.sghiumadcxvd\"><\/a><mark style=\"background-color:rgba(0, 0, 0, 0)\" class=\"has-inline-color has-primary-color\">Peseytyminen ym. huolto<\/mark><\/h1>\n\n\n\n<p>Leirikarin Yl\u00e4- ja Alatalossa on runsaasti vessoja ja suihkuja, joita voi k\u00e4ytt\u00e4\u00e4 jonotusperiaatteella milloin vain. Alatalon sauna on tarkoitus pit\u00e4\u00e4 l\u00e4mpim\u00e4n\u00e4 ainakin aikoina, jolloin ei taistella. Mahdolliset saunavuoroajat tarkentuvat my\u00f6hemmin. Leirikarissa on pieni uimaranta saunalta Kemijokeen laskevien rappusten p\u00e4\u00e4ss\u00e4.<\/p>\n\n\n\n<p>Vesipisteit\u00e4 on Leirikarin talojen yhteydess\u00e4. Taisteluiden aikana vett\u00e4 voi ottaa armeijoiden tukikohdista sek\u00e4 lippupisteilt\u00e4 ymp\u00e4ri taistelualuetta tai niiden l\u00e4hist\u00f6lt\u00e4.<\/p>\n\n\n\n<p>Tapahtuman info- ja EA-piste sijaitsevat Leirikarin Yl\u00e4talon pihapiiriss\u00e4.<\/p>\n\n\n\n<p><\/p>\n\n\n\n<h1 class=\"wp-block-heading\" id=\"h.2opab9ryzzw_l\"><a href=\"https:\/\/sites.google.com\/view\/rovaniemenboffaajat\/hiidenkirnu\/majoitus?authuser=0#h.2opab9ryzzw\"><\/a><a href=\"https:\/\/sites.google.com\/view\/rovaniemenboffaajat\/hiidenkirnu\/majoitus?authuser=0#h.2opab9ryzzw\"><\/a><mark style=\"background-color:rgba(0, 0, 0, 0)\" class=\"has-inline-color has-primary-color\">Muut majoitusmahdollisuudet l\u00e4hist\u00f6ll\u00e4<\/mark><\/h1>\n\n\n\n<p>Kemijokivarressa kummassakin suunnassa on my\u00f6s lyhyen ajomatkan p\u00e4\u00e4ss\u00e4 m\u00f6kkej\u00e4 ja muita majapaikkoja, joita voi tiedustella vuokralle niin halutessaan. Ajomatka Leirikarista Rovaniemellek\u00e4\u00e4n ei ole kuin n. 30 min. Pelien aikataulutuksen ja huollon puolesta on kuitenkin suositeltavaa majoittua mahdollisimman l\u00e4hell\u00e4 Leirikaria. Mit\u00e4 l\u00e4hemp\u00e4n\u00e4 pelialuetta y\u00f6vyt, sit\u00e4 mukavampi tapahtumastasi tulee.<\/p>\n","protected":false},"excerpt":{"rendered":"<p> [&hellip;]<\/p>\n","protected":false},"author":1,"featured_media":0,"parent":0,"menu_order":0,"comment_status":"closed","ping_status":"closed","template":"","meta":{"footnotes":""},"class_list":["post-22","page","type-page","status-publish","hentry"],"_links":{"self":[{"href":"https:\/\/www.bofferoi.com\/hiidenkirnu\/index.php\/wp-json\/wp\/v2\/pages\/22","targetHints":{"allow":["GET"]}}],"collection":[{"href":"https:\/\/www.bofferoi.com\/hiidenkirnu\/index.php\/wp-json\/wp\/v2\/pages"}],"about":[{"href":"https:\/\/www.bofferoi.com\/hiidenkirnu\/index.php\/wp-json\/wp\/v2\/types\/page"}],"author":[{"embeddable":true,"href":"https:\/\/www.bofferoi.com\/hiidenkirnu\/index.php\/wp-json\/wp\/v2\/users\/1"}],"replies":[{"embeddable":true,"href":"https:\/\/www.bofferoi.com\/hiidenkirnu\/index.php\/wp-json\/wp\/v2\/comments?post=22"}],"version-history":[{"count":6,"href":"https:\/\/www.bofferoi.com\/hiidenkirnu\/index.php\/wp-json\/wp\/v2\/pages\/22\/revisions"}],"predecessor-version":[{"id":1035,"href":"https:\/\/www.bofferoi.com\/hiidenkirnu\/index.php\/wp-json\/wp\/v2\/pages\/22\/revisions\/1035"}],"wp:attachment":[{"href":"https:\/\/www.bofferoi.com\/hiidenkirnu\/index.php\/wp-json\/wp\/v2\/media?parent=22"}],"curies":[{"name":"wp","href":"https:\/\/api.w.org\/{rel}","templated":true}]}}